{"id":2,"date":"2025-05-29T22:06:38","date_gmt":"2025-05-29T20:06:38","guid":{"rendered":"https:\/\/avirtu.net\/shop\/?page_id=2"},"modified":"2025-06-04T11:44:21","modified_gmt":"2025-06-04T09:44:21","slug":"zkusebni-stranka","status":"publish","type":"page","link":"https:\/\/avirtu.net\/shop\/zkusebni-stranka\/","title":{"rendered":"Kontakt"},"content":{"rendered":"<h2>Provozovatel e-shopu<\/h2>\n<p>\n    <strong>A VIRT\u00d9 RESEARCH &#038; TECHNOLOGIES s.r.o.<\/strong><br \/>\n    Kur\u0161ova 978\/3<br \/>\n    635 00 Brno-Bystrc<br \/>\n    Czech Republic\n<\/p>\n<p>\n    <strong>I\u010c:<\/strong> 08428441<br \/>\n    <strong>DI\u010c:<\/strong> CZ08428441<br \/>\n    <strong>Datov\u00e1 schr\u00e1nka:<\/strong> ugkbmy8\n<\/p>\n<p>\n    <strong>E-mail:<\/strong> <a href=\"mailto:info@avirtu.net\">info@avirtu.net<\/a><br \/>\n    <strong>Telefon:<\/strong> <a href=\"tel:+420604761154\">+420 604 761 154<\/a>\n<\/p>\n<p>\n    Spole\u010dnost je zaps\u00e1na v obchodn\u00edm rejst\u0159\u00edku veden\u00e9m Krajsk\u00fdm soudem v Brn\u011b, odd\u00edl C, vlo\u017eka 113661.<\/p>\n","protected":false},"excerpt":{"rendered":"<p>Provozovatel e-shopu A VIRT\u00d9 RESEARCH &#038; TECHNOLOGIES s.r.o. Kur\u0161ova 978\/3 635 00 Brno-Bystrc Czech Republic I\u010c: 08428441 DI\u010c: CZ08428441 Datov\u00e1 schr\u00e1nka: ugkbmy8 E-mail: info@avirtu.net Telefon: +420 604 761 154 Spole\u010dnost je zaps\u00e1na v obchodn\u00edm rejst\u0159\u00edku veden\u00e9m Krajsk\u00fdm soudem v Brn\u011b, odd\u00edl C, vlo\u017eka 113661.<\/p>\n","protected":false},"author":1,"featured_media":0,"parent":0,"menu_order":0,"comment_status":"closed","ping_status":"open","template":"","meta":{"footnotes":""},"class_list":["post-2","page","type-page","status-publish","hentry"],"_links":{"self":[{"href":"https:\/\/avirtu.net\/shop\/wp-json\/wp\/v2\/pages\/2","targetHints":{"allow":["GET"]}}],"collection":[{"href":"https:\/\/avirtu.net\/shop\/wp-json\/wp\/v2\/pages"}],"about":[{"href":"https:\/\/avirtu.net\/shop\/wp-json\/wp\/v2\/types\/page"}],"author":[{"embeddable":true,"href":"https:\/\/avirtu.net\/shop\/wp-json\/wp\/v2\/users\/1"}],"replies":[{"embeddable":true,"href":"https:\/\/avirtu.net\/shop\/wp-json\/wp\/v2\/comments?post=2"}],"version-history":[{"count":1,"href":"https:\/\/avirtu.net\/shop\/wp-json\/wp\/v2\/pages\/2\/revisions"}],"predecessor-version":[{"id":94,"href":"https:\/\/avirtu.net\/shop\/wp-json\/wp\/v2\/pages\/2\/revisions\/94"}],"wp:attachment":[{"href":"https:\/\/avirtu.net\/shop\/wp-json\/wp\/v2\/media?parent=2"}],"curies":[{"name":"wp","href":"https:\/\/api.w.org\/{rel}","templated":true}]}}