{"id":3,"date":"2025-05-29T22:06:38","date_gmt":"2025-05-29T20:06:38","guid":{"rendered":"https:\/\/avirtu.net\/shop\/?page_id=3"},"modified":"2025-06-04T14:20:43","modified_gmt":"2025-06-04T12:20:43","slug":"ochrana-osobnich-udaju","status":"publish","type":"page","link":"https:\/\/avirtu.net\/shop\/ochrana-osobnich-udaju\/","title":{"rendered":"Z\u00e1sady zpracov\u00e1n\u00ed osobn\u00edch \u00fadaj\u016f"},"content":{"rendered":"<p>Jsme spole\u010dnost <strong>A VIRT\u00d9 RESEARCH &#038; TECHNOLOGIES s.r.o.<\/strong> (e-mail: <a href=\"mailto:info@avirtu.net\">info@avirtu.net<\/a>, telefon: <a href=\"tel:+420604761154\">+420 604 761 154<\/a>, s\u00eddlem Kur\u0161ova 978\/3, 635 00 Brno-Bystrc, Czech Republic, I\u010c 08428441, datov\u00e1 schr\u00e1nka ugkbmy8, DI\u010c CZ08428441). Firma je zaps\u00e1na v obchodn\u00edm rejst\u0159\u00edku pod spisovou zna\u010dkou C 113661 u Krajsk\u00e9ho soudu v Brn\u011b (d\u00e1le jen \u201e<strong>my<\/strong>\u201c nebo \u201e<strong>spr\u00e1vce<\/strong>\u201c).<\/p>\n<p>Provozujeme e-shop na webov\u00fdch str\u00e1nk\u00e1ch <a href=\"https:\/\/avirtu.net\/shop\/\" target=\"_blank\" rel=\"noopener noreferrer\">https:\/\/avirtu.net\/shop\/<\/a> (d\u00e1le jen \u201e<strong>E-shop<\/strong>\u201c).<\/p>\n<p>Pro poskytov\u00e1n\u00ed na\u0161ich slu\u017eeb, prodeji zbo\u017e\u00ed a provozu na\u0161eho E-shopu zpracov\u00e1v\u00e1me n\u011bkter\u00e9 osobn\u00ed \u00fadaje.<\/p>\n<p>Zpracov\u00e1n\u00ed osobn\u00edch \u00fadaj\u016f upravuje zejm\u00e9na na\u0159\u00edzen\u00ed Evropsk\u00e9ho parlamentu a Rady (EU) 2016\/679 ze dne 27. dubna 2016 o ochran\u011b fyzick\u00fdch osob v souvislosti se zpracov\u00e1n\u00edm osobn\u00edch \u00fadaj\u016f a o voln\u00e9m pohybu t\u011bchto \u00fadaj\u016f a o zru\u0161en\u00ed sm\u011brnice 95\/46\/ES (obecn\u00e9 na\u0159\u00edzen\u00ed o ochran\u011b osobn\u00edch \u00fadaj\u016f) (\u201e<strong>GDPR<\/strong>\u201c).<\/p>\n<h3>I. Zpracov\u00e1n\u00ed osobn\u00edch \u00fadaj\u016f<\/h3>\n<h4>A. Zpracov\u00e1n\u00ed osobn\u00edch \u00fadaj\u016f v p\u0159\u00edpad\u011b pou\u017eit\u00ed kontaktn\u00edho formul\u00e1\u0159e nebo jin\u00e9ho p\u0159\u00edm\u00e9ho kontaktu<\/h4>\n<p>Pokud popt\u00e1v\u00e1te na\u0161e produkty a slu\u017eby nebo n\u00e1s kontaktujete jin\u00fdm zp\u016fsobem (nap\u0159. e-mailem, telefonicky), budeme pracovat s va\u0161imi kontaktn\u00edmi \u00fadaji, kter\u00e9 n\u00e1m sd\u011bl\u00edte. Jsou to zpravidla va\u0161e jm\u00e9no a p\u0159\u00edjmen\u00ed, e-mailov\u00e1 adresa, telefonn\u00ed \u010d\u00edslo, obsah va\u0161\u00ed komunikace a p\u0159\u00edpadn\u011b dal\u0161\u00ed \u00fadaje, kter\u00e9 n\u00e1m v r\u00e1mci komunikace poskytnete.<\/p>\n<p><strong>Z jak\u00e9ho d\u016fvodu?<\/strong><br \/>\nKontaktujeme v\u00e1s p\u0159es n\u011b pro dal\u0161\u00ed domluvu ohledn\u011b zbo\u017e\u00ed a slu\u017eeb, nebo abychom odpov\u011bd\u011bli na va\u0161e dotazy.<\/p>\n<p><strong>Na z\u00e1klad\u011b jak\u00e9ho pr\u00e1vn\u00edho d\u016fvodu?<\/strong><br \/>\nJedn\u00e1 se o zpracov\u00e1n\u00ed na z\u00e1klad\u011b \u010dl. 6 odst. 1 p\u00edsm. b) GDPR &#8211; jedn\u00e1n\u00ed o smlouv\u011b, resp. proveden\u00ed opat\u0159en\u00ed p\u0159ed uzav\u0159en\u00edm smlouvy na va\u0161i \u017e\u00e1dost, nebo na z\u00e1klad\u011b \u010dl. 6 odst. 1 p\u00edsm. f) GDPR &#8211; n\u00e1\u0161 opr\u00e1vn\u011bn\u00fd z\u00e1jem komunikovat s v\u00e1mi a reagovat na va\u0161e podn\u011bty.<\/p>\n<p><strong>Jak dlouho budeme osobn\u00ed \u00fadaje zpracov\u00e1vat?<\/strong><br \/>\nPokud nenav\u00e1\u017eeme dal\u0161\u00ed spolupr\u00e1ci, va\u0161e data budeme zpracov\u00e1vat nejd\u00e9le 10 let od na\u0161\u00ed posledn\u00ed komunikace, pokud pr\u00e1vn\u00ed p\u0159edpisy nestanov\u00ed del\u0161\u00ed dobu nebo pokud nebude existovat jin\u00fd pr\u00e1vn\u00ed d\u016fvod pro jejich dal\u0161\u00ed zpracov\u00e1n\u00ed.<\/p>\n<h4>B. Zpracov\u00e1n\u00ed osobn\u00edch \u00fadaj\u016f v p\u0159\u00edpad\u011b n\u00e1kupu<\/h4>\n<p>Pokud u n\u00e1s nakoup\u00edte, budeme pracovat s \u00fadaji, kter\u00e9 n\u00e1m vypln\u00edte v objedn\u00e1vkov\u00e9m formul\u00e1\u0159i. Jsou to hlavn\u011b faktura\u010dn\u00ed \u00fadaje (jm\u00e9no, p\u0159\u00edjmen\u00ed, adresa, I\u010c, DI\u010c, pokud jste podnikatel) a kontaktn\u00ed \u00fadaje (e-mail, telefonn\u00ed \u010d\u00edslo), \u00fadaje o objednan\u00e9m zbo\u017e\u00ed a \u00fadaje souvisej\u00edc\u00ed s platbou a doru\u010den\u00edm.<\/p>\n<p><strong>Z jak\u00e9ho d\u016fvodu?<\/strong><br \/>\nOsobn\u00ed \u00fadaje pot\u0159ebujeme zpracovat, abychom splnili na\u0161i smlouvu &#8211; dodali v\u00e1m na\u0161e zbo\u017e\u00ed nebo slu\u017eby. P\u0159es kontaktn\u00ed \u00fadaje s v\u00e1mi budeme tak\u00e9 komunikovat ohledn\u011b stavu va\u0161\u00ed objedn\u00e1vky, p\u0159\u00edpadn\u011b ohledn\u011b reklamac\u00ed nebo va\u0161ich dotaz\u016f.<\/p>\n<p>Osobn\u00ed \u00fadaje budeme d\u00e1le zpracov\u00e1vat pro spln\u011bn\u00ed na\u0161ich povinnost\u00ed, kter\u00e9 n\u00e1m plynou ze z\u00e1kona (hlavn\u011b pro \u00fa\u010detn\u00ed a da\u0148ov\u00e9 \u00fa\u010dely, p\u0159\u00edpadn\u011b pro vy\u0159\u00edzen\u00ed reklamac\u00ed a jin\u00e9).<\/p>\n<p><strong>Na z\u00e1klad\u011b jak\u00e9ho pr\u00e1vn\u00edho d\u016fvodu osobn\u00ed \u00fadaje zpracov\u00e1v\u00e1me?<\/strong><br \/>\nJedn\u00e1 se o zpracov\u00e1n\u00ed na z\u00e1klad\u011b \u010dl. 6 odst. 1 p\u00edsm. b) GDPR &#8211; pln\u011bn\u00ed smlouvy a \u010dl. 6 odst. 1 p\u00edsm. c) GDPR &#8211; pln\u011bn\u00ed na\u0161\u00ed pr\u00e1vn\u00ed povinnosti.<\/p>\n<p><strong>Jak dlouho budeme osobn\u00ed \u00fadaje zpracov\u00e1vat?<\/strong><br \/>\nPo dobu pln\u011bn\u00ed na\u0161\u00ed slu\u017eby a pot\u00e9 po dobu stanovenou p\u0159\u00edslu\u0161n\u00fdmi pr\u00e1vn\u00edmi p\u0159edpisy (nap\u0159. z\u00e1kon o \u00fa\u010detnictv\u00ed, z\u00e1kon o DPH), zpravidla 10 let od posledn\u00edho poskytnut\u00ed takov\u00e9 slu\u017eby nebo dod\u00e1n\u00ed zbo\u017e\u00ed.<\/p>\n<h4>C. Newslettery (obchodn\u00ed sd\u011blen\u00ed)<\/h4>\n<p>Pokud jste n\u00e1\u0161 nakupuj\u00edc\u00ed z\u00e1kazn\u00edk a nezak\u00e1zali jste n\u00e1m to p\u0159i n\u00e1kupu, m\u016f\u017eeme pou\u017e\u00edt va\u0161i e-mailovou adresu pro rozes\u00edlku na\u0161ich novinek a nab\u00eddek souvisej\u00edc\u00edch s na\u0161\u00edm zbo\u017e\u00edm a slu\u017ebami.<\/p>\n<p><strong>Na z\u00e1klad\u011b jak\u00e9ho pr\u00e1vn\u00edho d\u016fvodu?<\/strong><br \/>\nUmo\u017e\u0148uje n\u00e1m to ust. \u00a7 7 odst. 3 z\u00e1kona \u010d. 480\/2004 Sb., o n\u011bkter\u00fdch slu\u017eb\u00e1ch informa\u010dn\u00ed spole\u010dnosti, pokud jste n\u00e1m to p\u0159i n\u00e1kupu nezak\u00e1zali. V ostatn\u00edch p\u0159\u00edpadech tak \u010din\u00edme na z\u00e1klad\u011b va\u0161eho v\u00fdslovn\u00e9ho souhlasu (\u010dl. 6 odst. 1 p\u00edsm. a) GDPR).<\/p>\n<p><strong>Jak dlouho budeme osobn\u00ed \u00fadaje zpracov\u00e1vat?<\/strong><br \/>\nMaxim\u00e1ln\u011b 10 let od va\u0161eho posledn\u00edho n\u00e1kupu, nebo do doby, ne\u017e sv\u016fj souhlas odvol\u00e1te, \u010di vznesete n\u00e1mitku proti takov\u00e9mu zpracov\u00e1n\u00ed. Z rozes\u00edlky se m\u016f\u017eete kdykoliv odhl\u00e1sit prost\u0159ednictv\u00edm odkazu v ka\u017ed\u00e9m obchodn\u00edm sd\u011blen\u00ed nebo n\u00e1s kontaktujte na e-mailu: <a href=\"mailto:info@avirtu.net\">info@avirtu.net<\/a>.<\/p>\n<h3>II. Kdo se k dat\u016fm dostane?<\/h3>\n<p>Va\u0161e data z\u016fstanou prim\u00e1rn\u011b u n\u00e1s. P\u0159esto pro n\u00e1s pracuj\u00ed n\u011bkter\u00e9 spole\u010dnosti nebo jin\u00e9 osoby (zpracovatel\u00e9), kter\u00e9 se k dat\u016fm mohou dostat proto, \u017ee n\u00e1m pom\u00e1haj\u00ed s chodem na\u0161eho E-shopu a poskytov\u00e1n\u00edm slu\u017eeb. Jedn\u00e1 se zejm\u00e9na o:<\/p>\n<ul>\n<li>Poskytovatele hostingov\u00fdch a serverov\u00fdch slu\u017eeb.<\/li>\n<li>Provozovatele a v\u00fdvoj\u00e1\u0159e e-shopov\u00e9ho syst\u00e9mu a dal\u0161\u00ed IT specialisty.<\/li>\n<li>Spole\u010dnosti pod\u00edlej\u00edc\u00ed se na expedici zbo\u017e\u00ed.<\/li>\n<li>Poskytovatele platebn\u00edch bran a finan\u010dn\u00ed instituce.<\/li>\n<li>Poskytovatele analytick\u00fdch n\u00e1stroj\u016f.<\/li>\n<li>Poskytovatele marketingov\u00fdch a e-mailingov\u00fdch n\u00e1stroj\u016f.<\/li>\n<li>\u00da\u010detn\u00ed a da\u0148ov\u00e9 poradce.<\/li>\n<li>P\u0159\u00edpadn\u00e9 dal\u0161\u00ed subjekty, jejich\u017e zapojen\u00ed je nezbytn\u00e9 pro \u0159\u00e1dn\u00e9 pln\u011bn\u00ed smlouvy nebo na\u0161ich z\u00e1konn\u00fdch povinnost\u00ed.<\/li>\n<\/ul>\n<p>S t\u011bmito zpracovateli m\u00e1me uzav\u0159en\u00e9 zpracovatelsk\u00e9 smlouvy, kter\u00e9 je zavazuj\u00ed k ochran\u011b va\u0161ich osobn\u00edch \u00fadaj\u016f v souladu s GDPR.<\/p>\n<p>Osobn\u00ed \u00fadaje zpracov\u00e1v\u00e1me pouze na \u00fazem\u00ed Evropsk\u00e9 unie nebo v zem\u00edch zaji\u0161\u0165uj\u00edc\u00edch odpov\u00eddaj\u00edc\u00ed \u00farove\u0148 ochrany na z\u00e1klad\u011b rozhodnut\u00ed Evropsk\u00e9 komise. Pokud by m\u011blo doj\u00edt k p\u0159ed\u00e1n\u00ed mimo EU do zem\u011b bez takov\u00e9ho rozhodnut\u00ed, budeme v\u00e1s o tom informovat a zajist\u00edme vhodn\u00e9 z\u00e1ruky (nap\u0159. standardn\u00ed smluvn\u00ed dolo\u017eky).<\/p>\n<h3>III. Co byste d\u00e1l m\u011bli v\u011bd\u011bt<\/h3>\n<p>V na\u0161\u00ed spole\u010dnosti nem\u00e1me jmenovan\u00e9ho pov\u011b\u0159ence pro ochranu osobn\u00edch \u00fadaj\u016f, jeliko\u017e n\u00e1m tato povinnost ze z\u00e1kona nevypl\u00fdv\u00e1. Za agendu ochrany osobn\u00edch \u00fadaj\u016f odpov\u00edd\u00e1 jednatel spole\u010dnosti.<\/p>\n<p>V na\u0161\u00ed spole\u010dnosti doch\u00e1z\u00ed k rozhodov\u00e1n\u00ed na z\u00e1klad\u011b automatick\u00e9ho zpracov\u00e1n\u00ed \u010di profilov\u00e1n\u00ed, nebo\u0165 je to j\u00e1drem na\u0161eho podnik\u00e1n\u00ed.<\/p>\n<p>Pokud byste m\u011bli k osobn\u00edm \u00fadaj\u016fm ot\u00e1zky, kontaktujte n\u00e1s na e-mailov\u00e9 adrese <a href=\"mailto:info@avirtu.net\">info@avirtu.net<\/a> nebo zavolejte na tel. \u010d. <a href=\"tel:+420604761154\">+420 604 761 154<\/a>.<\/p>\n<h3>IV. Pou\u017e\u00edv\u00e1n\u00ed soubor\u016f cookies<\/h3>\n<p>Cookies jsou textov\u00e9 soubory obsahuj\u00edc\u00ed mal\u00e9 mno\u017estv\u00ed informac\u00ed, kter\u00e9 se p\u0159i n\u00e1v\u0161t\u011bv\u011b na\u0161ich webov\u00fdch str\u00e1nek stahuj\u00ed do va\u0161eho za\u0159\u00edzen\u00ed (po\u010d\u00edta\u010de, mobiln\u00edho telefonu \u010di jin\u00e9ho za\u0159\u00edzen\u00ed). Soubory cookies se n\u00e1sledn\u011b p\u0159i ka\u017ed\u00e9 dal\u0161\u00ed n\u00e1v\u0161t\u011bv\u011b odes\u00edlaj\u00ed zp\u011bt na p\u016fvodn\u00ed webovou str\u00e1nku nebo na jinou webovou str\u00e1nku, kter\u00e1 je rozpozn\u00e1.<\/p>\n<p>Soubory cookies pln\u00ed r\u016fzn\u00e9 \u00falohy, nap\u0159\u00edklad umo\u017e\u0148uj\u00ed efektivn\u00ed navigaci mezi webov\u00fdmi str\u00e1nkami, zapamatov\u00e1n\u00ed si va\u0161ich preferenc\u00ed a celkov\u011b zlep\u0161uj\u00ed zku\u0161enost u\u017eivatele. Dok\u00e1\u017eou tak\u00e9 zajistit, aby reklamy zobrazovan\u00e9 on-line byly l\u00e9pe p\u0159izp\u016fsoben\u00e9 va\u0161\u00ed osob\u011b a va\u0161\u00edm z\u00e1jm\u016fm (pokud k tomu d\u00e1te souhlas).<\/p>\n<p>Na na\u0161em E-shopu pou\u017e\u00edv\u00e1me nebo m\u016f\u017eeme pou\u017e\u00edvat n\u00e1sleduj\u00edc\u00ed typy cookies:<\/p>\n<ul>\n<li><strong>Nezbytn\u00e9 (technick\u00e9) cookies:<\/strong> Jsou zapot\u0159eb\u00ed k provozu webov\u00fdch str\u00e1nek, umo\u017e\u0148uj\u00ed nap\u0159\u00edklad p\u0159ihl\u00e1sit se do zabezpe\u010den\u00fdch \u010d\u00e1st\u00ed str\u00e1nek, fungov\u00e1n\u00ed ko\u0161\u00edku a dal\u0161\u00ed z\u00e1kladn\u00ed funk\u010dnosti str\u00e1nek. Tato kategorie cookies se ned\u00e1 zak\u00e1zat a k jejich pou\u017eit\u00ed nepot\u0159ebujeme v\u00e1\u0161 souhlas.<\/li>\n<li><strong>Analytick\u00e9\/statistick\u00e9 cookies:<\/strong> Umo\u017e\u0148uj\u00ed n\u00e1m nap\u0159\u00edklad rozpoznat a zjistit po\u010det n\u00e1v\u0161t\u011bvn\u00edk\u016f a sledovat, jak na\u0161i n\u00e1v\u0161t\u011bvn\u00edci pou\u017e\u00edvaj\u00ed webov\u00e9 str\u00e1nky. Pom\u00e1haj\u00ed n\u00e1m zlep\u0161ovat zp\u016fsob, jak\u00fdm str\u00e1nky funguj\u00ed, nap\u0159\u00edklad tak, \u017ee umo\u017e\u0148uj\u00ed u\u017eivatel\u016fm snadno naj\u00edt to, co hledaj\u00ed. Tyto soubory spou\u0161t\u00edme pouze s va\u0161\u00edm p\u0159edchoz\u00edm souhlasem.<\/li>\n<li><strong>Preferen\u010dn\u00ed cookies:<\/strong> Umo\u017e\u0148uj\u00ed na\u0161im webov\u00fdm str\u00e1nk\u00e1m zapamatovat si informace, kter\u00e9 m\u011bn\u00ed, jak se webov\u00e1 str\u00e1nka chov\u00e1 nebo jak vypad\u00e1. Je to nap\u0159\u00edklad preferovan\u00fd jazyk nebo region, kde se nach\u00e1z\u00edte. Tyto soubory spou\u0161t\u00edme pouze s va\u0161\u00edm p\u0159edchoz\u00edm souhlasem.<\/li>\n<li><strong>Marketingov\u00e9 (reklamn\u00ed) cookies:<\/strong> Pou\u017e\u00edvaj\u00ed se ke sledov\u00e1n\u00ed preferenc\u00ed a umo\u017e\u0148uj\u00ed zobrazit reklamu a dal\u0161\u00ed obsah, kter\u00e9 nejl\u00e9pe odpov\u00eddaj\u00ed va\u0161emu z\u00e1jmu a online chov\u00e1n\u00ed, a to i na str\u00e1nk\u00e1ch t\u0159et\u00edch stran. Tyto soubory spou\u0161t\u00edme pouze s va\u0161\u00edm p\u0159edchoz\u00edm souhlasem.<\/li>\n<\/ul>\n<p>Upozor\u0148ujeme, \u017ee t\u0159et\u00ed strany (v\u010detn\u011b nap\u0159. poskytovatel\u016f extern\u00edch slu\u017eeb jako jsou slu\u017eby webov\u00e9 anal\u00fdzy nebo poskytovatel\u00e9 c\u00edlen\u00e9 reklamy) mohou rovn\u011b\u017e pou\u017e\u00edvat cookies, nad kter\u00fdmi nem\u00e1me kontrolu. Tyto cookies jsou pravd\u011bpodobn\u011b analytick\u00e9\/v\u00fdkonnostn\u00ed nebo c\u00edlen\u00e9 cookies.<\/p>\n<p><strong>Konkr\u00e9tn\u00ed pou\u017e\u00edvan\u00e9 soubory cookies:<\/strong><br \/>\nP\u0159esn\u00fd seznam cookies pou\u017e\u00edvan\u00fdch na na\u0161em E-shopu, jejich vydavatele, \u00fa\u010del a dobu platnosti naleznete v nastaven\u00ed cookie li\u0161ty (banneru), kter\u00e1 se v\u00e1m zobraz\u00ed p\u0159i prvn\u00ed n\u00e1v\u0161t\u011bv\u011b na\u0161ich str\u00e1nek, nebo prost\u0159ednictv\u00edm nastaven\u00ed va\u0161eho internetov\u00e9ho prohl\u00ed\u017ee\u010de. N\u00ed\u017ee uv\u00e1d\u00edme p\u0159ehled typ\u016f cookies, kter\u00e9 pou\u017e\u00edv\u00e1me:<\/p>\n<table border=\"1\" style=\"border-collapse: collapse; width: 100%;\">\n<thead>\n<tr>\n<th style=\"padding: 8px; text-align: left;\">Kategorie \/ Slu\u017eba<\/th>\n<th style=\"padding: 8px; text-align: left;\">Vydavatel (Dom\u00e9na)<\/th>\n<th style=\"padding: 8px; text-align: left;\">Hlavn\u00ed \u00fa\u010del<\/th>\n<th style=\"padding: 8px; text-align: left;\">Doba platnosti<\/th>\n<\/tr>\n<\/thead>\n<tbody>\n<tr>\n<td style=\"padding: 8px;\">WordPress &#038; WooCommerce<\/td>\n<td style=\"padding: 8px;\">https:\/\/avirtu.net\/shop\/<\/td>\n<td style=\"padding: 8px;\">Technick\u00e9 zaji\u0161t\u011bn\u00ed funk\u010dnosti E-shopu (session, ko\u0161\u00edk, p\u0159ihl\u00e1\u0161en\u00ed, preference)<\/td>\n<td style=\"padding: 8px;\">Session \/ Dle nastaven\u00ed<\/td>\n<\/tr>\n<tr>\n<td style=\"padding: 8px;\">Google Analytics<\/td>\n<td style=\"padding: 8px;\">Google LLC (t\u0159et\u00ed strana)<\/td>\n<td style=\"padding: 8px;\">Statistick\u00e1 anal\u00fdza n\u00e1v\u0161t\u011bvnosti a chov\u00e1n\u00ed u\u017eivatel\u016f na webu<\/td>\n<td style=\"padding: 8px;\">Dle nastaven\u00ed Google Analytics (nap\u0159. a\u017e 2 roky)<\/td>\n<\/tr>\n<tr>\n<td style=\"padding: 8px;\">Hotjar<\/td>\n<td style=\"padding: 8px;\">Hotjar Ltd. (t\u0159et\u00ed strana)<\/td>\n<td style=\"padding: 8px;\">Anal\u00fdza chov\u00e1n\u00ed u\u017eivatel\u016f (heatmaps, nahr\u00e1vky session, formul\u00e1\u0159e, zp\u011btn\u00e1 vazba)<\/td>\n<td style=\"padding: 8px;\">Dle nastaven\u00ed Hotjar (nap\u0159. a\u017e 1 rok)<\/td>\n<\/tr>\n<tr>\n<td style=\"padding: 8px;\">Vlastn\u00ed cookies &#8222;avirtu&#8220;<\/td>\n<td style=\"padding: 8px;\">https:\/\/avirtu.net\/shop\/<\/td>\n<td style=\"padding: 8px;\">Specifick\u00e9 funkce webu, personalizace, identifikace pro \u00fa\u010dely komunikace (dopl\u0148te konkr\u00e9tn\u00ed \u00fa\u010del)<\/td>\n<td style=\"padding: 8px;\">Dle nastaven\u00ed (nap\u0159. permanentn\u00ed, session)<\/td>\n<\/tr>\n<tr>\n<td style=\"padding: 8px;\">Cookie li\u0161ta \/ Spr\u00e1va souhlasu<\/td>\n<td style=\"padding: 8px;\">https:\/\/avirtu.net\/shop\/ (nebo poskytovatel pluginu)<\/td>\n<td style=\"padding: 8px;\">Ulo\u017een\u00ed va\u0161ich preferenc\u00ed ohledn\u011b souhlasu s cookies<\/td>\n<td style=\"padding: 8px;\">Nap\u0159. 1 rok<\/td>\n<\/tr>\n<\/tbody>\n<\/table>\n<p>Souhlas s pou\u017e\u00edv\u00e1n\u00edm cookies (krom\u011b nezbytn\u00fdch) m\u016f\u017eete vyj\u00e1d\u0159it prost\u0159ednictv\u00edm za\u0161krt\u00e1vac\u00edho pol\u00ed\u010dka obsa\u017een\u00e9ho v tzv. cookie li\u0161t\u011b. Soubory cookies m\u016f\u017eete i n\u00e1sledn\u011b v nastaven\u00ed sv\u00e9ho internetov\u00e9ho prohl\u00ed\u017ee\u010de odm\u00edtnout, nebo si nastavit u\u017e\u00edv\u00e1n\u00ed jen n\u011bkter\u00fdch.<\/p>\n<p>Dal\u0161\u00ed informace o spr\u00e1v\u011b cookies v jednotliv\u00fdch prohl\u00ed\u017ee\u010d\u00edch naleznete na n\u00e1sleduj\u00edc\u00edch odkazech:<\/p>\n<ul>\n<li>Internet Explorer: <a href=\"https:\/\/support.microsoft.com\/cs-cz\/help\/17442\/windows-internet-explorer-delete-manage-cookies\" target=\"_blank\" rel=\"noopener noreferrer\">https:\/\/support.microsoft.com\/cs-cz\/help\/17442\/windows-internet-explorer-delete-manage-cookies<\/a><\/li>\n<li>Google Chrome: <a href=\"https:\/\/support.google.com\/chrome\/answer\/95647?co=GENIE.Platform%3DDesktop&#038;hl=cs\" target=\"_blank\" rel=\"noopener noreferrer\">https:\/\/support.google.com\/chrome\/answer\/95647<\/a><\/li>\n<li>Mozilla Firefox: <a href=\"https:\/\/support.mozilla.org\/cs\/kb\/povoleni-zakazani-cookies\" target=\"_blank\" rel=\"noopener noreferrer\">https:\/\/support.mozilla.org\/cs\/kb\/povoleni-zakazani-cookies<\/a><\/li>\n<li>Safari: <a href=\"https:\/\/support.apple.com\/cs-cz\/guide\/safari\/sfril1471\/mac\" target=\"_blank\" rel=\"noopener noreferrer\">https:\/\/support.apple.com\/cs-cz\/guide\/safari\/sfril1471\/mac<\/a><\/li>\n<li>Opera: <a href=\"https:\/\/help.opera.com\/cs\/latest\/security-and-privacy\/\" target=\"_blank\" rel=\"noopener noreferrer\">https:\/\/help.opera.com\/cs\/latest\/security-and-privacy\/<\/a><\/li>\n<li>Microsoft Edge: <a href=\"https:\/\/support.microsoft.com\/cs-cz\/microsoft-edge\/ odstran\u011bn\u00ed-soubor\u016f-cookie-v-prohl\u00ed\u017ee\u010di-microsoft-edge-63947406-40ac-c3b8-57b9-2a946a29ae09\" target=\"_blank\" rel=\"noopener noreferrer\">https:\/\/support.microsoft.com\/cs-cz\/microsoft-edge\/odstran\u011bn\u00ed-soubor\u016f-cookie-v-prohl\u00ed\u017ee\u010di-microsoft-edge-63947406-40ac-c3b8-57b9-2a946a29ae09<\/a><\/li>\n<\/ul>\n<h3>V. Va\u0161e pr\u00e1va v souvislosti se zpracov\u00e1n\u00edm osobn\u00edch \u00fadaj\u016f<\/h3>\n<p>Na\u0159\u00edzen\u00ed GDPR v\u00e1m d\u00e1v\u00e1 mimo jin\u00e9 n\u00e1sleduj\u00edc\u00ed pr\u00e1va:<\/p>\n<ul>\n<li><strong>Pr\u00e1vo na p\u0159\u00edstup:<\/strong> M\u016f\u017eete n\u00e1s po\u017e\u00e1dat o informaci, jak\u00e9 va\u0161e osobn\u00ed \u00fadaje zpracov\u00e1v\u00e1me, a o p\u0159\u00edstup k t\u011bmto \u00fadaj\u016fm.<\/li>\n<li><strong>Pr\u00e1vo na opravu:<\/strong> M\u016f\u017eete n\u00e1s po\u017e\u00e1dat o opravu nep\u0159esn\u00fdch nebo ne\u00fapln\u00fdch osobn\u00edch \u00fadaj\u016f.<\/li>\n<li><strong>Pr\u00e1vo na v\u00fdmaz (\u201epr\u00e1vo b\u00fdt zapomenut\u201c):<\/strong> M\u016f\u017eete n\u00e1s po\u017e\u00e1dat o v\u00fdmaz va\u0161ich osobn\u00edch \u00fadaj\u016f, pokud jsou spln\u011bny podm\u00ednky GDPR (nap\u0159. \u00fadaje ji\u017e nejsou pot\u0159ebn\u00e9 pro \u00fa\u010dely, pro kter\u00e9 byly shrom\u00e1\u017ed\u011bny, odvolali jste souhlas a neexistuje jin\u00fd pr\u00e1vn\u00ed d\u016fvod pro zpracov\u00e1n\u00ed).<\/li>\n<li><strong>Pr\u00e1vo na omezen\u00ed zpracov\u00e1n\u00ed:<\/strong> M\u016f\u017eete n\u00e1s po\u017e\u00e1dat o omezen\u00ed zpracov\u00e1n\u00ed va\u0161ich osobn\u00edch \u00fadaj\u016f v p\u0159\u00edpadech stanoven\u00fdch GDPR.<\/li>\n<li><strong>Pr\u00e1vo na p\u0159enositelnost \u00fadaj\u016f:<\/strong> M\u016f\u017eete po\u017e\u00e1dat o z\u00edsk\u00e1n\u00ed osobn\u00edch \u00fadaj\u016f, kter\u00e9 jste n\u00e1m poskytli a kter\u00e9 jsou zpracov\u00e1v\u00e1ny automatizovan\u011b na z\u00e1klad\u011b souhlasu nebo smlouvy, ve strukturovan\u00e9m, b\u011b\u017en\u011b pou\u017e\u00edvan\u00e9m a strojov\u011b \u010diteln\u00e9m form\u00e1tu, a pr\u00e1vo p\u0159edat tyto \u00fadaje jin\u00e9mu spr\u00e1vci.<\/li>\n<li><strong>Pr\u00e1vo vzn\u00e9st n\u00e1mitku:<\/strong> M\u016f\u017eete vzn\u00e9st n\u00e1mitku proti zpracov\u00e1n\u00ed osobn\u00edch \u00fadaj\u016f, kter\u00e9 je prov\u00e1d\u011bno na z\u00e1klad\u011b na\u0161eho opr\u00e1vn\u011bn\u00e9ho z\u00e1jmu (v\u010detn\u011b profilov\u00e1n\u00ed). V p\u0159\u00edpad\u011b n\u00e1mitky proti zpracov\u00e1n\u00ed pro \u00fa\u010dely p\u0159\u00edm\u00e9ho marketingu nebudou va\u0161e osobn\u00ed \u00fadaje pro tyto \u00fa\u010dely d\u00e1le zpracov\u00e1v\u00e1ny.<\/li>\n<li><strong>Pr\u00e1vo odvolat souhlas:<\/strong> Pokud je zpracov\u00e1n\u00ed zalo\u017eeno na va\u0161em souhlasu, m\u00e1te pr\u00e1vo tento souhlas kdykoliv odvolat, ani\u017e je t\u00edm dot\u010dena z\u00e1konnost zpracov\u00e1n\u00ed zalo\u017een\u00e1 na souhlasu ud\u011blen\u00e9m p\u0159ed jeho odvol\u00e1n\u00edm.<\/li>\n<li><strong>Pr\u00e1vo podat st\u00ed\u017enost:<\/strong> Pokud se domn\u00edv\u00e1te, \u017ee s va\u0161imi daty nenakl\u00e1d\u00e1me spr\u00e1vn\u011b, m\u00e1te pr\u00e1vo podat st\u00ed\u017enost u dozorov\u00e9ho \u00fa\u0159adu, kter\u00fdm je \u00da\u0159ad pro ochranu osobn\u00edch \u00fadaj\u016f (Pplk. Sochora 27, 170 00 Praha 7, web: <a href=\"https:\/\/www.uoou.cz\" target=\"_blank\" rel=\"noopener noreferrer\">www.uoou.cz<\/a>), p\u0159\u00edpadn\u011b se se sv\u00fdmi n\u00e1roky obr\u00e1tit na soud.<\/li>\n<\/ul>\n<p>Sv\u00e1 pr\u00e1va m\u016f\u017eete uplatnit zasl\u00e1n\u00edm \u017e\u00e1dosti na na\u0161i e-mailovou adresu <a href=\"mailto:info@avirtu.net\">info@avirtu.net<\/a> nebo p\u00edsemn\u011b na na\u0161i adresu s\u00eddla.<\/p>\n<p>Tyto podm\u00ednky jsou \u00fa\u010dinn\u00e9 od <strong>1. 6. 2025<\/strong>.<\/p>\n","protected":false},"excerpt":{"rendered":"<p>Jsme spole\u010dnost A VIRT\u00d9 RESEARCH &#038; TECHNOLOGIES s.r.o. (e-mail: info@avirtu.net, telefon: +420 604 761 154, s\u00eddlem Kur\u0161ova 978\/3, 635 00 Brno-Bystrc, Czech Republic, I\u010c 08428441, datov\u00e1 schr\u00e1nka ugkbmy8, DI\u010c CZ08428441). Firma je zaps\u00e1na v obchodn\u00edm rejst\u0159\u00edku pod spisovou zna\u010dkou C 113661 u Krajsk\u00e9ho soudu v Brn\u011b (d\u00e1le jen \u201emy\u201c nebo \u201espr\u00e1vce\u201c). Provozujeme e-shop na webov\u00fdch [&hellip;]<\/p>\n","protected":false},"author":1,"featured_media":0,"parent":0,"menu_order":0,"comment_status":"closed","ping_status":"open","template":"","meta":{"footnotes":""},"class_list":["post-3","page","type-page","status-publish","hentry"],"_links":{"self":[{"href":"https:\/\/avirtu.net\/shop\/wp-json\/wp\/v2\/pages\/3","targetHints":{"allow":["GET"]}}],"collection":[{"href":"https:\/\/avirtu.net\/shop\/wp-json\/wp\/v2\/pages"}],"about":[{"href":"https:\/\/avirtu.net\/shop\/wp-json\/wp\/v2\/types\/page"}],"author":[{"embeddable":true,"href":"https:\/\/avirtu.net\/shop\/wp-json\/wp\/v2\/users\/1"}],"replies":[{"embeddable":true,"href":"https:\/\/avirtu.net\/shop\/wp-json\/wp\/v2\/comments?post=3"}],"version-history":[{"count":2,"href":"https:\/\/avirtu.net\/shop\/wp-json\/wp\/v2\/pages\/3\/revisions"}],"predecessor-version":[{"id":123,"href":"https:\/\/avirtu.net\/shop\/wp-json\/wp\/v2\/pages\/3\/revisions\/123"}],"wp:attachment":[{"href":"https:\/\/avirtu.net\/shop\/wp-json\/wp\/v2\/media?parent=3"}],"curies":[{"name":"wp","href":"https:\/\/api.w.org\/{rel}","templated":true}]}}